{"id":238,"date":"2015-03-23T19:34:11","date_gmt":"2015-03-23T18:34:11","guid":{"rendered":"http:\/\/biegkonopielki.pl\/?page_id=238"},"modified":"2016-03-31T15:35:17","modified_gmt":"2016-03-31T13:35:17","slug":"ciekawa-ksiazka","status":"publish","type":"page","link":"https:\/\/biegkonopielki.pl\/?page_id=238","title":{"rendered":"KSI\u0104\u017bKI O BIEGANIU"},"content":{"rendered":"<p>W tym miejscu b\u0119dziecie mogli przeczyta\u0107 o ksi\u0105\u017ckach zwi\u0105zanych z bieganiem. Pocz\u0105wszy od poradnik\u00f3w, a sko\u0144czywszy na literaturze pi\u0119knej. Bieganie w Polsce bardzo si\u0119 rozwija, dlatego te\u017c szybko przybywa tytu\u0142\u00f3w dotycz\u0105cych tej dyscypliny. Mamy nadziej\u0119, \u017ce przedstawiane tu ksi\u0105\u017cki pomog\u0105 Wam w rozwijaniu zdrowej pasji, w odkrywaniu kolejnych biegowych \u015bcie\u017cek i tajemnic, a przede wszystkim zainspiruj\u0105. Autorskie recenzje zamieszcza\u0107 w tym miejscu b\u0119dzie Marek Muszy\u0144ski \u2013 biegacz i mi\u0142o\u015bnik literatury, bibliotekarz, w latach 1995-2013 recenzent literacki \u201eGazety Wsp\u00f3\u0142czesnej\u201d.<\/p>\n<hr \/>\n<p><a href=\"http:\/\/biegkonopielki.pl\/wp-content\/uploads\/2015\/03\/biegaczka-b-iext27906406.jpg\"><img loading=\"lazy\" decoding=\"async\" class=\"alignleft wp-image-386 \" src=\"http:\/\/biegkonopielki.pl\/wp-content\/uploads\/2015\/03\/biegaczka-b-iext27906406-190x300.jpg\" alt=\"biegaczka-b-iext27906406\" width=\"121\" height=\"191\" srcset=\"https:\/\/biegkonopielki.pl\/wp-content\/uploads\/2015\/03\/biegaczka-b-iext27906406-190x300.jpg 190w, https:\/\/biegkonopielki.pl\/wp-content\/uploads\/2015\/03\/biegaczka-b-iext27906406.jpg 317w\" sizes=\"(max-width: 121px) 100vw, 121px\" \/><\/a><\/p>\n<p><strong>\u201eBiegaczka\u201d<\/strong><\/p>\n<p>Carrie Snyder<\/p>\n<p>W.A.B., Warszawa 2015, s. 367<\/p>\n<p><a title=\"&lt;&lt;&lt;&lt; Aby przeczyta\u0107 recenzj\u0119 kliknij tutaj &gt;&gt;&gt;&gt;\" href=\"http:\/\/biegkonopielki.pl\/?p=387\">&lt;&lt;&lt;&lt; Aby przeczyta\u0107 recenzj\u0119 kliknij tutaj &gt;&gt;&gt;&gt;<\/a><\/p>\n<p>&nbsp;<\/p>\n<hr \/>\n<p><a href=\"http:\/\/biegkonopielki.pl\/wp-content\/uploads\/2015\/03\/bieganie-nie-tylko-dla-zoltodziobow-b-iext21121981.jpg\"><img loading=\"lazy\" decoding=\"async\" class=\"alignleft  wp-image-274\" src=\"http:\/\/biegkonopielki.pl\/wp-content\/uploads\/2015\/03\/bieganie-nie-tylko-dla-zoltodziobow-b-iext21121981.jpg\" alt=\"bieganie-nie-tylko-dla-zoltodziobow-b-iext21121981\" width=\"124\" height=\"184\" srcset=\"https:\/\/biegkonopielki.pl\/wp-content\/uploads\/2015\/03\/bieganie-nie-tylko-dla-zoltodziobow-b-iext21121981.jpg 300w, https:\/\/biegkonopielki.pl\/wp-content\/uploads\/2015\/03\/bieganie-nie-tylko-dla-zoltodziobow-b-iext21121981-201x300.jpg 201w\" sizes=\"(max-width: 124px) 100vw, 124px\" \/><\/a><strong>\u201eBieganie nie tylko dla \u017c\u00f3\u0142todziob\u00f3w czyli wszystko, co powiniene\u015b wiedzie\u0107 o\u2026\u201d<\/strong><\/p>\n<p>Bill Rodgers i Scott Douglas<\/p>\n<p>Dom Wydawniczy Rebis, Pozna\u0144 2013, s. 360<\/p>\n<p><a title=\"&lt;&lt;&lt;&lt; Aby przeczyta\u0107 recenzj\u0119 kliknij tutaj &gt;&gt;&gt;&gt;\" href=\"http:\/\/biegkonopielki.pl\/?p=275\">&lt;&lt;&lt;&lt; Aby przeczyta\u0107 recenzj\u0119 kliknij tutaj &gt;&gt;&gt;&gt;<\/a><\/p>\n<p>&nbsp;<\/p>\n<hr \/>\n<p><img loading=\"lazy\" decoding=\"async\" class=\"alignleft wp-image-404 size-thumbnail\" src=\"http:\/\/biegkonopielki.pl\/wp-content\/uploads\/2015\/07\/o-czym-mowie-kiedy-mowie-o-bieganiu-b-iext26611223-150x150.jpg\" alt=\"o-czym-mowie-kiedy-mowie-o-bieganiu-b-iext2661122\" width=\"150\" height=\"150\" \/><\/p>\n<p><strong>\u00a0\u201eO czym m\u00f3wi\u0119, kiedy m\u00f3wi\u0119 o bieganiu\u201d<\/strong><\/p>\n<p>Haruki Murakami<\/p>\n<p>Wydawnictwo: Muza, Warszawa 2010<\/p>\n<p><a title=\"&lt;&lt;&lt;&lt; Aby przeczyta\u0107 recenzj\u0119 kliknij tutaj &gt;&gt;&gt;&gt;\" href=\"http:\/\/biegkonopielki.pl\/?p=398\">&lt;&lt;&lt;&lt; Aby przeczyta\u0107 recenzj\u0119 kliknij tutaj &gt;&gt;&gt;&gt;<\/a><\/p>\n","protected":false},"excerpt":{"rendered":"<p>W tym miejscu b\u0119dziecie mogli przeczyta\u0107 o ksi\u0105\u017ckach zwi\u0105zanych z bieganiem. Pocz\u0105wszy od poradnik\u00f3w, a sko\u0144czywszy na literaturze pi\u0119knej. Bieganie w Polsce bardzo si\u0119 rozwija, dlatego te\u017c szybko przybywa tytu\u0142\u00f3w dotycz\u0105cych tej dyscypliny. Mamy nadziej\u0119, \u017ce przedstawiane tu ksi\u0105\u017cki pomog\u0105 Wam w rozwijaniu zdrowej pasji, w odkrywaniu kolejnych biegowych \u015bcie\u017cek i tajemnic, a przede wszystkim zainspiruj\u0105. Autorskie recenzje zamieszcza\u0107 w tym miejscu b\u0119dzie Marek Muszy\u0144ski \u2013 biegacz i mi\u0142o\u015bnik literatury, bibliotekarz, w latach 1995-2013 recenzent literacki \u201eGazety Wsp\u00f3\u0142czesnej\u201d. \u201eBiegaczka\u201d Carrie Snyder W.A.B., Warszawa 2015, s. 367 &lt;&lt;&lt;&lt; Aby przeczyta\u0107 recenzj\u0119 kliknij tutaj &gt;&gt;&gt;&gt; &nbsp; \u201eBieganie nie tylko dla \u017c\u00f3\u0142todziob\u00f3w czyli wszystko, co powiniene\u015b wiedzie\u0107 o\u2026\u201d Bill Rodgers i Scott Douglas Dom Wydawniczy Rebis, Pozna\u0144 2013, s. 360 &lt;&lt;&lt;&lt; Aby przeczyta\u0107 recenzj\u0119 kliknij tutaj &gt;&gt;&gt;&gt; &nbsp; \u00a0\u201eO czym m\u00f3wi\u0119, kiedy m\u00f3wi\u0119 o bieganiu\u201d Haruki Murakami Wydawnictwo: Muza, Warszawa 2010 &lt;&lt;&lt;&lt; Aby przeczyta\u0107 recenzj\u0119 kliknij tutaj &gt;&gt;&gt;&gt;<\/p>\n","protected":false},"author":1,"featured_media":0,"parent":0,"menu_order":0,"comment_status":"closed","ping_status":"closed","template":"","meta":{"footnotes":""},"class_list":["post-238","page","type-page","status-publish","hentry"],"wppr_data":[],"_links":{"self":[{"href":"https:\/\/biegkonopielki.pl\/index.php?rest_route=\/wp\/v2\/pages\/238"}],"collection":[{"href":"https:\/\/biegkonopielki.pl\/index.php?rest_route=\/wp\/v2\/pages"}],"about":[{"href":"https:\/\/biegkonopielki.pl\/index.php?rest_route=\/wp\/v2\/types\/page"}],"author":[{"embeddable":true,"href":"https:\/\/biegkonopielki.pl\/index.php?rest_route=\/wp\/v2\/users\/1"}],"replies":[{"embeddable":true,"href":"https:\/\/biegkonopielki.pl\/index.php?rest_route=%2Fwp%2Fv2%2Fcomments&post=238"}],"version-history":[{"count":9,"href":"https:\/\/biegkonopielki.pl\/index.php?rest_route=\/wp\/v2\/pages\/238\/revisions"}],"predecessor-version":[{"id":460,"href":"https:\/\/biegkonopielki.pl\/index.php?rest_route=\/wp\/v2\/pages\/238\/revisions\/460"}],"wp:attachment":[{"href":"https:\/\/biegkonopielki.pl\/index.php?rest_route=%2Fwp%2Fv2%2Fmedia&parent=238"}],"curies":[{"name":"wp","href":"https:\/\/api.w.org\/{rel}","templated":true}]}}