{"id":14,"date":"2025-05-19T12:55:00","date_gmt":"2025-05-19T10:55:00","guid":{"rendered":"http:\/\/itsystem.vxm.pl\/?page_id=14"},"modified":"2025-05-19T16:46:47","modified_gmt":"2025-05-19T14:46:47","slug":"tabela-wynikow","status":"publish","type":"page","link":"https:\/\/biegkonopielki.pl\/?page_id=14","title":{"rendered":"Tabela wynik\u00f3w"},"content":{"rendered":"<p><a href=\"https:\/\/chronotex.pl\/wp-content\/uploads\/Wyniki-OPEN-540.pdf\"><strong>BIEG KONOPIELKI 2025 WYNIKI: Bieg G\u0142\u00f3wny Open 10 km<\/strong><\/a><\/p>\n<p><a href=\"https:\/\/chronotex.pl\/wp-content\/uploads\/Wyniki-OPEN-K.M-523.pdf\"><strong>BIEG KONOPIELKI 2025 WYNIKI: Bieg G\u0142\u00f3wny Open K\/M<\/strong><\/a><\/p>\n<p><a href=\"https:\/\/chronotex.pl\/wp-content\/uploads\/Wyniki-kategorii-wiekowych-343.pdf\"><strong>BIEG KONOPIELKI 2025 WYNIKI: Kategorii Wiekowych<\/strong><\/a><\/p>\n<p><a href=\"https:\/\/chronotex.pl\/wp-content\/uploads\/Wyniki-mieszkancow-gminy-Juchnowiec-Koscielny-6.pdf\"><strong>BIEG KONOPIELKI 2025 WYNIKI: Mieszka\u0144cy Gminy Juchnowiec Ko\u015bcielny<\/strong><\/a><\/p>\n<p><strong>Wyniki Poprzednich Lat:<\/strong><\/p>\n<p><a href=\"https:\/\/chronotex.pl\/wp-content\/uploads\/Wyniki-OPEN-465.pdf\"><strong>BIEG KONOPIELKI 2024 WYNIKI: Bieg G\u0142\u00f3wny Open 10 km<\/strong><\/a><\/p>\n<p><a href=\"https:\/\/chronotex.pl\/wp-content\/uploads\/Wyniki-OPEN-K.M-448.pdf\"><strong>BIEG KONOPIELKI 2024 WYNIKI: Bieg G\u0142\u00f3wny Open K\/M<\/strong><\/a><\/p>\n<p><a href=\"https:\/\/chronotex.pl\/wp-content\/uploads\/Wyniki-kategorii-wiekowych-294.pdf\"><strong>BIEG KONOPIELKI 2024 WYNIKI: Kategorii Wiekowych<\/strong><\/a><\/p>\n<p><a href=\"https:\/\/chronotex.pl\/wp-content\/uploads\/Wyniki-mieszkancow-gminy-Juchnowiec-Koscielny-4.pdf\"><strong>BIEG KONOPIELKI 2024 WYNIKI: Mieszka\u0144cy Gminy Juchnowiec Ko\u015bcielny<\/strong><\/a><\/p>\n<p><strong><a href=\"https:\/\/chronotex.pl\/wp-content\/uploads\/Wyniki-OPEN-382.pdf\">BIEG KONOPIELKI 2023 WYNIKI: Bieg G\u0142\u00f3wny Open 10 km<\/a><\/strong><\/p>\n<p><strong><a href=\"https:\/\/chronotex.pl\/wp-content\/uploads\/Wyniki-OPEN-K.M-373.pdf\">BIEG KONOPIELKI 2023 WYNIKI: Bieg G\u0142\u00f3wny Open K\/M<\/a><\/strong><\/p>\n<p><strong><a href=\"https:\/\/chronotex.pl\/wp-content\/uploads\/Wyniki-kategorii-wiekowych-238.pdf\">BIEG KONOPIELKI 2023 WYNIKI: Kategorii Wiekowych<\/a><\/strong><\/p>\n<p><strong><a href=\"https:\/\/chronotex.pl\/wp-content\/uploads\/Wyniki-mieszkancow-gminy-Juchnowiec-Koscielny-2.pdf&quot;\">BIEG KONOPIELKI 2023 WYNIKI: Mieszka\u0144cy Gminy Juchnowiec Ko\u015bcielny<\/a><\/strong><\/p>\n<p><a href=\"https:\/\/chronotex.pl\/wp-content\/uploads\/Wyniki-OPEN-300.pdf\"><strong>BIEG KONOPIELKI 2022 WYNIKI: Bieg G\u0142\u00f3wny Open 10 km<\/strong><\/a><\/p>\n<p><a href=\"https:\/\/chronotex.pl\/wp-content\/uploads\/Wyniki-OPEN-K.M-293.pdf\"><strong>BIEG KONOPIELKI 2022 WYNIKI: Bieg G\u0142\u00f3wny Open K\/M<\/strong><\/a><\/p>\n<p><a href=\"https:\/\/chronotex.pl\/wp-content\/uploads\/Wyniki-kategorii-wiekowych-185.pdf\"><strong>BIEG KONOPIELKI 2022 WYNIKI: Kategorii Wiekowych<\/strong><\/a><\/p>\n<p><a href=\"https:\/\/chronotex.pl\/wp-content\/uploads\/Wyniki-mieszkancow-gminy-Juchnowiec-Koscielny.pdf\"><strong>BIEG KONOPIELKI 2022 WYNIKI: Mieszka\u0144cy Gminy Juchnowiec Ko\u015bcielny<\/strong><\/a><\/p>\n<p><a href=\"https:\/\/chronotex.pl\/wp-content\/uploads\/Wyniki-OPEN-224.pdf\"><strong>BIEG KONOPIELKI 2021 WYNIKI: Bieg G\u0142\u00f3wny Open 10 km<\/strong><\/a><\/p>\n<p><a href=\"https:\/\/chronotex.pl\/wp-content\/uploads\/Wyniki-OPEN-K.M-218.pdf\"><strong>BIEG KONOPIELKI 2021 WYNIKI: Bieg G\u0142\u00f3wny Open K\/M<\/strong><\/a><\/p>\n<p><a href=\"https:\/\/chronotex.pl\/wp-content\/uploads\/Wyniki-kategorii-wiekowych-142.pdf\"><strong>BIEG KONOPIELKI 2021 WYNIKI: Kategorii Wiekowych<\/strong><\/a><\/p>\n<p><a href=\"https:\/\/chronotex.pl\/wp-content\/uploads\/Wyniki-mieszka%C5%84c%C3%B3w-gminy-Juchnowiec-Ko%C5%9Bcielny-2.pdf\"><strong>BIEG KONOPIELKI 2021 WYNIKI: Mieszka\u0144cy Gminy Juchnowiec Ko\u015bcielny<\/strong><\/a><\/p>\n<p><a href=\"http:\/\/chronotex.pl\/wp-content\/uploads\/Wyniki-OPEN-108.pdf\"><strong>BIEG KONOPIELKI 2019 WYNIKI: Bieg G\u0142\u00f3wny Open 10 km<\/strong><\/a><\/p>\n<p><a href=\"http:\/\/chronotex.pl\/wp-content\/uploads\/Wyniki-OPEN-K.M-104.pdf\"><strong>BIEG KONOPIELKI 2019 WYNIKI: Bieg G\u0142\u00f3wny M\u0119\u017cczy\u017ani 10 km<\/strong><\/a><\/p>\n<p><a href=\"http:\/\/chronotex.pl\/wp-content\/uploads\/Wyniki-OPEN-K.M-104.pdf\"><strong>BIEG KONOPIELKI 2019 WYNIKI: Bieg G\u0142\u00f3wny Kobiety 10 km<\/strong><\/a><\/p>\n<p><a href=\"http:\/\/chronotex.pl\/wp-content\/uploads\/Wyniki-mieszka%C5%84c%C3%B3w-gminy-Juchnowiec-Ko%C5%9Bcielny.pdf\"><strong>BIEG KONOPIELKI 2019 WYNIKI: Gmina Juchnowiec \u2013 m\u0119\u017cczy\u017ani<\/strong><\/a><\/p>\n<p><a href=\"http:\/\/chronotex.pl\/wp-content\/uploads\/Wyniki-mieszka%C5%84c%C3%B3w-gminy-Juchnowiec-Ko%C5%9Bcielny.pdf\"><strong>BIEG KONOPIELKI 2019 WYNIKI: Gmina Juchnowiec \u2013 kobiety<\/strong><\/a><\/p>\n<p><a href=\"http:\/\/biegkonopielki.pl\/wp-content\/uploads\/2018\/05\/BIEG-KONOPIELKI-WYNIKI-OPEN.pdf\">BIEG KONOPIELKI 2018 WYNIKI: Bieg G\u0142\u00f3wny Open 10 km<\/a><\/p>\n<p><a href=\"http:\/\/biegkonopielki.pl\/wp-content\/uploads\/2018\/05\/BIEG-KONOPIELKI-WYNIKI-M%C4%98%C5%BBCZY%C5%B9NI.pdf\">BIEG KONOPIELKI 2018 WYNIKI: Bieg G\u0142\u00f3wny M\u0119\u017cczy\u017ani 10 km<\/a><\/p>\n<p><a href=\"http:\/\/biegkonopielki.pl\/wp-content\/uploads\/2018\/05\/BIEG-KONOPIELKI-WYNIKI-KOBIETY.pdf\">BIEG KONOPIELKI 2018 WYNIKI: Bieg G\u0142\u00f3wny Kobiety 10 km<\/a><\/p>\n<p><a href=\"http:\/\/biegkonopielki.pl\/wp-content\/uploads\/2018\/05\/BIEG-KONOPIELKI-WYNIKI-M%C4%98%C5%BBCZY%C5%B9NI-JUCHNOWIEC.pdf\">BIEG KONOPIELKI 2018 WYNIKI: Gmina Juchnowiec \u2013 m\u0119\u017cczy\u017ani<\/a><\/p>\n<p><a href=\"http:\/\/biegkonopielki.pl\/wp-content\/uploads\/2018\/05\/BIEG-KONOPIELKI-WYNIKI-KOBIETY-JUCHNOWIEC.pdf\">BIEG KONOPIELKI WYNIKI: Gmina Juchnowiec \u2013 kobiety<\/a><\/p>\n\n\n<p><\/p>\n","protected":false},"excerpt":{"rendered":"<p>BIEG KONOPIELKI 2025 WYNIKI: Bieg G\u0142\u00f3wny Open 10 km BIEG KONOPIELKI 2025 WYNIKI: Bieg G\u0142\u00f3wny Open K\/M BIEG KONOPIELKI 2025 WYNIKI: Kategorii Wiekowych BIEG KONOPIELKI 2025 WYNIKI: Mieszka\u0144cy Gminy Juchnowiec Ko\u015bcielny Wyniki Poprzednich Lat: BIEG KONOPIELKI 2024 WYNIKI: Bieg G\u0142\u00f3wny Open 10 km BIEG KONOPIELKI 2024 WYNIKI: Bieg G\u0142\u00f3wny Open K\/M BIEG KONOPIELKI 2024 WYNIKI: Kategorii Wiekowych BIEG KONOPIELKI 2024 WYNIKI: Mieszka\u0144cy Gminy Juchnowiec Ko\u015bcielny BIEG KONOPIELKI 2023 WYNIKI: Bieg G\u0142\u00f3wny Open 10 km BIEG KONOPIELKI 2023 WYNIKI: Bieg G\u0142\u00f3wny Open K\/M BIEG KONOPIELKI 2023 WYNIKI: Kategorii Wiekowych BIEG KONOPIELKI 2023 WYNIKI: Mieszka\u0144cy Gminy Juchnowiec Ko\u015bcielny BIEG KONOPIELKI 2022 WYNIKI: Bieg G\u0142\u00f3wny Open 10 km BIEG KONOPIELKI 2022 WYNIKI: Bieg G\u0142\u00f3wny Open K\/M BIEG KONOPIELKI 2022 WYNIKI: Kategorii Wiekowych BIEG KONOPIELKI 2022 WYNIKI: Mieszka\u0144cy Gminy Juchnowiec Ko\u015bcielny BIEG KONOPIELKI 2021 WYNIKI: Bieg G\u0142\u00f3wny Open 10 km BIEG KONOPIELKI 2021 WYNIKI: Bieg G\u0142\u00f3wny Open K\/M BIEG KONOPIELKI 2021 WYNIKI: Kategorii Wiekowych BIEG KONOPIELKI 2021 WYNIKI: Mieszka\u0144cy Gminy Juchnowiec Ko\u015bcielny BIEG KONOPIELKI 2019 WYNIKI: Bieg G\u0142\u00f3wny Open 10 km BIEG KONOPIELKI 2019 WYNIKI: Bieg G\u0142\u00f3wny M\u0119\u017cczy\u017ani 10 km BIEG KONOPIELKI 2019 WYNIKI: Bieg G\u0142\u00f3wny Kobiety 10 km BIEG KONOPIELKI 2019 WYNIKI: Gmina Juchnowiec \u2013 m\u0119\u017cczy\u017ani BIEG KONOPIELKI 2019 WYNIKI: Gmina Juchnowiec \u2013&#8230;<\/p>\n","protected":false},"author":1,"featured_media":0,"parent":0,"menu_order":0,"comment_status":"open","ping_status":"open","template":"","meta":{"footnotes":""},"class_list":["post-14","page","type-page","status-publish","hentry"],"wppr_data":{"cwp_meta_box_check":"No"},"_links":{"self":[{"href":"https:\/\/biegkonopielki.pl\/index.php?rest_route=\/wp\/v2\/pages\/14"}],"collection":[{"href":"https:\/\/biegkonopielki.pl\/index.php?rest_route=\/wp\/v2\/pages"}],"about":[{"href":"https:\/\/biegkonopielki.pl\/index.php?rest_route=\/wp\/v2\/types\/page"}],"author":[{"embeddable":true,"href":"https:\/\/biegkonopielki.pl\/index.php?rest_route=\/wp\/v2\/users\/1"}],"replies":[{"embeddable":true,"href":"https:\/\/biegkonopielki.pl\/index.php?rest_route=%2Fwp%2Fv2%2Fcomments&post=14"}],"version-history":[{"count":33,"href":"https:\/\/biegkonopielki.pl\/index.php?rest_route=\/wp\/v2\/pages\/14\/revisions"}],"predecessor-version":[{"id":1267,"href":"https:\/\/biegkonopielki.pl\/index.php?rest_route=\/wp\/v2\/pages\/14\/revisions\/1267"}],"wp:attachment":[{"href":"https:\/\/biegkonopielki.pl\/index.php?rest_route=%2Fwp%2Fv2%2Fmedia&parent=14"}],"curies":[{"name":"wp","href":"https:\/\/api.w.org\/{rel}","templated":true}]}}